{"id":33367129,"date":"2019-01-21T21:45:17","date_gmt":"2019-01-21T21:45:17","guid":{"rendered":"https:\/\/agro-global.com\/datenschutz\/"},"modified":"2019-06-13T18:17:58","modified_gmt":"2019-06-13T18:17:58","slug":"datenschutz","status":"publish","type":"page","link":"https:\/\/agro-global.com\/de\/datenschutz\/","title":{"rendered":"Datenschutz"},"content":{"rendered":"<p>{&#8222;main-title&#8220;:{&#8222;component&#8220;:&#8220;hc_title&#8220;,&#8220;id&#8220;:&#8220;main-title&#8220;,&#8220;title&#8220;:&#8220;Datenschutz&#8220;,&#8220;subtitle&#8220;:&#8220;&#8220;,&#8220;title_content&#8220;:{&#8222;component&#8220;:&#8220;hc_title_image&#8220;,&#8220;id&#8220;:&#8220;title-image&#8220;,&#8220;image&#8220;:&#8220;https:\/\/agro-global.com\/wp-content\/uploads\/2019\/03\/108914_001-1920&#215;1080-1-1024&#215;311.jpg|584|1920|33376672&#8243;,&#8220;full_screen&#8220;:false,&#8220;full_screen_height&#8220;:&#8220;&#8220;,&#8220;parallax&#8220;:false,&#8220;bleed&#8220;:&#8220;&#8220;,&#8220;ken_burn&#8220;:&#8220;&#8220;,&#8220;overlay&#8220;:&#8220;&#8220;,&#8220;breadcrumbs&#8220;:false,&#8220;white&#8220;:true,&#8220;position&#8220;:&#8220;&#8220;}},&#8220;section_6V8eF&#8220;:{&#8222;component&#8220;:&#8220;hc_section&#8220;,&#8220;id&#8220;:&#8220;section_6V8eF&#8220;,&#8220;section_width&#8220;:&#8220;&#8220;,&#8220;animation&#8220;:&#8220;&#8220;,&#8220;animation_time&#8220;:&#8220;&#8220;,&#8220;timeline_animation&#8220;:&#8220;&#8220;,&#8220;timeline_delay&#8220;:&#8220;&#8220;,&#8220;timeline_order&#8220;:&#8220;&#8220;,&#8220;vertical_row&#8220;:&#8220;&#8220;,&#8220;box_middle&#8220;:&#8220;&#8220;,&#8220;css_classes&#8220;:&#8220;&#8220;,&#8220;custom_css_classes&#8220;:&#8220;&#8220;,&#8220;custom_css_styles&#8220;:&#8220;&#8220;,&#8220;section_content&#8220;:[{&#8222;component&#8220;:&#8220;hc_column&#8220;,&#8220;id&#8220;:&#8220;column_UlQ4p&#8220;,&#8220;column_width&#8220;:&#8220;col-md-12&#8243;,&#8220;animation&#8220;:&#8220;&#8220;,&#8220;animation_time&#8220;:&#8220;&#8220;,&#8220;timeline_animation&#8220;:&#8220;&#8220;,&#8220;timeline_delay&#8220;:&#8220;&#8220;,&#8220;timeline_order&#8220;:&#8220;&#8220;,&#8220;css_classes&#8220;:&#8220;&#8220;,&#8220;custom_css_classes&#8220;:&#8220;&#8220;,&#8220;custom_css_styles&#8220;:&#8220;&#8220;,&#8220;main_content&#8220;:[{&#8222;component&#8220;:&#8220;hc_title_tag&#8220;,&#8220;id&#8220;:&#8220;pNKke&#8220;,&#8220;css_classes&#8220;:&#8220;&#8220;,&#8220;custom_css_classes&#8220;:&#8220;&#8220;,&#8220;custom_css_styles&#8220;:&#8220;&#8220;,&#8220;text&#8220;:&#8220;Datenschutzerkl\u00e4rung&#8220;,&#8220;tag&#8220;:&#8220;h4&#8243;},{&#8222;component&#8220;:&#8220;hc_space&#8220;,&#8220;id&#8220;:&#8220;5ZtkF&#8220;,&#8220;css_classes&#8220;:&#8220;&#8220;,&#8220;custom_css_classes&#8220;:&#8220;&#8220;,&#8220;custom_css_styles&#8220;:&#8220;&#8220;,&#8220;size&#8220;:&#8220;&#8220;,&#8220;height&#8220;:&#8220;&#8220;}]},{&#8222;component&#8220;:&#8220;hc_column&#8220;,&#8220;id&#8220;:&#8220;column_tMGkK&#8220;,&#8220;column_width&#8220;:&#8220;col-md-12&#8243;,&#8220;animation&#8220;:&#8220;&#8220;,&#8220;animation_time&#8220;:&#8220;&#8220;,&#8220;timeline_animation&#8220;:&#8220;&#8220;,&#8220;timeline_delay&#8220;:&#8220;&#8220;,&#8220;timeline_order&#8220;:&#8220;&#8220;,&#8220;css_classes&#8220;:&#8220;&#8220;,&#8220;custom_css_classes&#8220;:&#8220;&#8220;,&#8220;custom_css_styles&#8220;:&#8220;&#8220;,&#8220;main_content&#8220;:[{&#8222;component&#8220;:&#8220;hc_text_block&#8220;,&#8220;id&#8220;:&#8220;hXsgH&#8220;,&#8220;css_classes&#8220;:&#8220;&#8220;,&#8220;custom_css_classes&#8220;:&#8220;&#8220;,&#8220;custom_css_styles&#8220;:&#8220;&#8220;,&#8220;content&#8220;:&#8220;Die Nutzung unserer Webseite ist in der Regel ohne eine Angabe personenbezogener Daten m\u00f6glich. Soweit auf unseren Seiten personenbezogene Daten (beispielsweise Name, Anschrift oder E-Mail-Adresse) erhoben werden, erfolgt dies \u2013 soweit es m\u00f6glich ist\u2013 immer auf freiwilliger Basis. Wir geben Ihre Daten ohne Ihre ausdr\u00fcckliche Zustimmung nicht an Dritte weiter. Au\u00dferdem weisen wir Sie darauf hin, dass die Daten\u00fcbertragung im Internet (wie beispielsweise bei der Kommunikation \u00fcber E-Mail) Sicherheitsl\u00fccken aufweisen kann. Denn ein l\u00fcckenloser Schutz der Daten vor dem Zugriff durch Dritte ist nicht m\u00f6glich. Wir widersprechen hiermit ausdr\u00fccklich der Nutzung von im Rahmen der Impressumspflicht ver\u00f6ffentlichten Kontaktdaten durch Dritte zur \u00dcbersendung von nicht ausdr\u00fccklich angeforderter Werbung und Informationsmaterialien. Die Betreiber dieser Seiten behalten sich ausdr\u00fccklich vor, im Fall der unverlangten Zusendung von Werbeinformationen, etwa durch Spam-Mails, rechtliche Schritte einzuleiten.\\nGoogle Analytics\\nDiese Website benutzt Google Analytics, einen Webanalysedienst der Google Inc. (&#8220;Google&#8220;). Google Analytics verwendet sog. &#8220;Cookies&#8220;, Textdateien, die auf Ihrem Computer gespeichert werden und die eine Analyse der Benutzung der Website durch Sie erm\u00f6glicht. Die durch den Cookie erzeugten Informationen \u00fcber Ihre Benutzung diese Website (einschlie\u00dflich Ihrer IP-Adresse) wird an einen Server von Google in den USA \u00fcbertragen und dort gespeichert. Google wird diese Informationen benutzen, um Ihre Nutzung der Website auszuwerten, um Reports \u00fcber die Websiteaktivit\u00e4ten f\u00fcr die Websitebetreiber zusammenzustellen und um weitere mit der Websitenutzung und der Internetnutzung verbundene Dienstleistungen zu erbringen. Auch wird Google diese Informationen gegebenenfalls an Dritte \u00fcbertragen, sofern dies gesetzlich vorgeschrieben oder soweit Dritte diese Daten im Auftrag von Google verarbeiten. Google wird in keinem Fall Ihre IP-Adresse mit anderen Daten der Google in Verbindung bringen. Sie k\u00f6nnen die Installation der Cookies durch eine entsprechende Einstellung Ihrer Browser Software verhindern; wir weisen Sie jedoch darauf hin, dass Sie in diesem Fall gegebenenfalls nicht s\u00e4mtliche Funktionen dieser Website voll umf\u00e4nglich nutzen k\u00f6nnen. Durch die Nutzung dieser Website erkl\u00e4ren Sie sich mit der Bearbeitung der \u00fcber Sie erhobenen Daten durch Google in der zuvor beschriebenen Art und Weise und zu dem zuvor benannten Zweck einverstanden. Sie k\u00f6nnen der Erhebung und Speicherung Ihrer Daten jederzeit widersprechen.\\n\\nGratis Impressum von agb.de\\n&#8220;}]}],&#8220;section_settings&#8220;:&#8220;&#8220;},&#8220;scripts&#8220;:{},&#8220;css&#8220;:{},&#8220;css_page&#8220;:&#8220;&#8220;,&#8220;template_setting&#8220;:{&#8222;settings&#8220;:{&#8222;id&#8220;:&#8220;settings&#8220;}},&#8220;template_setting_top&#8220;:{},&#8220;page_setting&#8220;:{&#8222;settings&#8220;:[&#8222;lock-mode-off&#8220;]}}<\/p>\n","protected":false},"excerpt":{"rendered":"<p>{&#8222;main-title&#8220;:{&#8222;component&#8220;:&#8220;hc_title&#8220;,&#8220;id&#8220;:&#8220;main-title&#8220;,&#8220;title&#8220;:&#8220;Datenschutz&#8220;,&#8220;subtitle&#8220;:&#8220;&#8220;,&#8220;title_content&#8220;:{&#8222;component&#8220;:&#8220;hc_title_image&#8220;,&#8220;id&#8220;:&#8220;title-image&#8220;,&#8220;image&#8220;:&#8220;https:\/\/agro-global.com\/wp-content\/uploads\/2019\/03\/108914_001-1920&#215;1080-1-1024&#215;311.jpg|584|1920|33376672&#8243;,&#8220;full_screen&#8220;:false,&#8220;full_screen_height&#8220;:&#8220;&#8220;,&#8220;parallax&#8220;:false,&#8220;bleed&#8220;:&#8220;&#8220;,&#8220;ken_burn&#8220;:&#8220;&#8220;,&#8220;overlay&#8220;:&#8220;&#8220;,&#8220;breadcrumbs&#8220;:false,&#8220;white&#8220;:true,&#8220;position&#8220;:&#8220;&#8220;}},&#8220;section_6V8eF&#8220;:{&#8222;component&#8220;:&#8220;hc_section&#8220;,&#8220;id&#8220;:&#8220;section_6V8eF&#8220;,&#8220;section_width&#8220;:&#8220;&#8220;,&#8220;animation&#8220;:&#8220;&#8220;,&#8220;animation_time&#8220;:&#8220;&#8220;,&#8220;timeline_animation&#8220;:&#8220;&#8220;,&#8220;timeline_delay&#8220;:&#8220;&#8220;,&#8220;timeline_order&#8220;:&#8220;&#8220;,&#8220;vertical_row&#8220;:&#8220;&#8220;,&#8220;box_middle&#8220;:&#8220;&#8220;,&#8220;css_classes&#8220;:&#8220;&#8220;,&#8220;custom_css_classes&#8220;:&#8220;&#8220;,&#8220;custom_css_styles&#8220;:&#8220;&#8220;,&#8220;section_content&#8220;:[{&#8222;component&#8220;:&#8220;hc_column&#8220;,&#8220;id&#8220;:&#8220;column_UlQ4p&#8220;,&#8220;column_width&#8220;:&#8220;col-md-12&#8243;,&#8220;animation&#8220;:&#8220;&#8220;,&#8220;animation_time&#8220;:&#8220;&#8220;,&#8220;timeline_animation&#8220;:&#8220;&#8220;,&#8220;timeline_delay&#8220;:&#8220;&#8220;,&#8220;timeline_order&#8220;:&#8220;&#8220;,&#8220;css_classes&#8220;:&#8220;&#8220;,&#8220;custom_css_classes&#8220;:&#8220;&#8220;,&#8220;custom_css_styles&#8220;:&#8220;&#8220;,&#8220;main_content&#8220;:[{&#8222;component&#8220;:&#8220;hc_title_tag&#8220;,&#8220;id&#8220;:&#8220;pNKke&#8220;,&#8220;css_classes&#8220;:&#8220;&#8220;,&#8220;custom_css_classes&#8220;:&#8220;&#8220;,&#8220;custom_css_styles&#8220;:&#8220;&#8220;,&#8220;text&#8220;:&#8220;Datenschutzerkl\u00e4rung&#8220;,&#8220;tag&#8220;:&#8220;h4&#8243;},{&#8222;component&#8220;:&#8220;hc_space&#8220;,&#8220;id&#8220;:&#8220;5ZtkF&#8220;,&#8220;css_classes&#8220;:&#8220;&#8220;,&#8220;custom_css_classes&#8220;:&#8220;&#8220;,&#8220;custom_css_styles&#8220;:&#8220;&#8220;,&#8220;size&#8220;:&#8220;&#8220;,&#8220;height&#8220;:&#8220;&#8220;}]},{&#8222;component&#8220;:&#8220;hc_column&#8220;,&#8220;id&#8220;:&#8220;column_tMGkK&#8220;,&#8220;column_width&#8220;:&#8220;col-md-12&#8243;,&#8220;animation&#8220;:&#8220;&#8220;,&#8220;animation_time&#8220;:&#8220;&#8220;,&#8220;timeline_animation&#8220;:&#8220;&#8220;,&#8220;timeline_delay&#8220;:&#8220;&#8220;,&#8220;timeline_order&#8220;:&#8220;&#8220;,&#8220;css_classes&#8220;:&#8220;&#8220;,&#8220;custom_css_classes&#8220;:&#8220;&#8220;,&#8220;custom_css_styles&#8220;:&#8220;&#8220;,&#8220;main_content&#8220;:[{&#8222;component&#8220;:&#8220;hc_text_block&#8220;,&#8220;id&#8220;:&#8220;hXsgH&#8220;,&#8220;css_classes&#8220;:&#8220;&#8220;,&#8220;custom_css_classes&#8220;:&#8220;&#8220;,&#8220;custom_css_styles&#8220;:&#8220;&#8220;,&#8220;content&#8220;:&#8220;Die Nutzung unserer Webseite ist in der Regel ohne eine Angabe personenbezogener Daten m\u00f6glich. Soweit auf unseren Seiten personenbezogene Daten (beispielsweise Name, Anschrift oder E-Mail-Adresse) erhoben werden, erfolgt dies \u2013 soweit es m\u00f6glich ist\u2013 immer auf freiwilliger Basis. Wir geben Ihre Daten ohne Ihre ausdr\u00fcckliche Zustimmung nicht an Dritte weiter. Au\u00dferdem weisen wir Sie darauf [&hellip;]<\/p>\n","protected":false},"author":1,"featured_media":0,"parent":0,"menu_order":0,"comment_status":"closed","ping_status":"closed","template":"","meta":[],"_links":{"self":[{"href":"https:\/\/agro-global.com\/de\/wp-json\/wp\/v2\/pages\/33367129\/"}],"collection":[{"href":"https:\/\/agro-global.com\/de\/wp-json\/wp\/v2\/pages\/"}],"about":[{"href":"https:\/\/agro-global.com\/de\/wp-json\/wp\/v2\/types\/page\/"}],"author":[{"embeddable":true,"href":"https:\/\/agro-global.com\/de\/wp-json\/wp\/v2\/users\/1\/"}],"replies":[{"embeddable":true,"href":"https:\/\/agro-global.com\/de\/wp-json\/wp\/v2\/comments\/?post=33367129"}],"version-history":[{"count":8,"href":"https:\/\/agro-global.com\/de\/wp-json\/wp\/v2\/pages\/33367129\/revisions\/"}],"predecessor-version":[{"id":33379661,"href":"https:\/\/agro-global.com\/de\/wp-json\/wp\/v2\/pages\/33367129\/revisions\/33379661\/"}],"wp:attachment":[{"href":"https:\/\/agro-global.com\/de\/wp-json\/wp\/v2\/media\/?parent=33367129"}],"curies":[{"name":"wp","href":"https:\/\/api.w.org\/{rel}","templated":true}]}}